{"id":4229,"date":"2019-05-28T11:40:38","date_gmt":"2019-05-28T14:40:38","guid":{"rendered":"https:\/\/royalcosmetica.com.ar\/?page_id=4229"},"modified":"2019-06-12T09:53:39","modified_gmt":"2019-06-12T12:53:39","slug":"nosotros","status":"publish","type":"page","link":"https:\/\/royalcosmetica.com.ar\/?page_id=4229","title":{"rendered":"Nosotros"},"content":{"rendered":"<p>[vc_row row_content_width=\u00bbgrid\u00bb css=\u00bb.vc_custom_1559054244130{padding-top: 90px !important;padding-bottom: 112px !important;}\u00bb el_id=\u00bbcopiar\u00bb][vc_column css_animation=\u00bbfadeInUp\u00bb offset=\u00bbvc_col-lg-4 vc_col-md-12&#8243;]<div class=\"qodef-elements-holder   qodef-one-column  qodef-responsive-mode-768 \" ><div class=\"qodef-eh-item    \"  data-item-class=\"qodef-eh-custom-8607\" data-1025-1366=\"0 4%\" data-769-1024=\"0 27% 10%\" data-681-768=\"0 23% 10%\" data-680=\"0 5% 20%\">\n\t<div class=\"qodef-eh-item-inner\">\n\t\t<div class=\"qodef-eh-item-content qodef-eh-custom-8607\" style=\"padding: 0 10%\">\n\t\t\t<div class=\"qodef-iwt clearfix  qodef-iwt-icon-top qodef-iwt-icon-small\">\n\t<div class=\"qodef-iwt-icon\">\n\t\t\t\t\t<a itemprop=\"url\" href=\"#\" target=\"_self\">\n\t\t\t\t\t\t\t\t\t<img width=\"70\" height=\"70\" src=\"https:\/\/royalcosmetica.com.ar\/wp-content\/uploads\/2019\/04\/calidadN.jpg\" class=\"attachment-full size-full\" alt=\"\" decoding=\"async\" loading=\"lazy\" \/>\t\t\t\t\t\t\t\t<\/a>\n\t\t\t<\/div>\n\t<div class=\"qodef-iwt-content\" >\n\t\t\t\t\t<h5 class=\"qodef-iwt-title\" >\n\t\t\t\t\t\t\t\t\t<a itemprop=\"url\" href=\"#\" target=\"_self\">\n\t\t\t\t\t\t\t\t<span class=\"qodef-iwt-title-text\">First Quality<\/span>\n\t\t\t\t\t\t\t\t\t<\/a>\n\t\t\t\t\t\t\t<\/h5>\n\t\t\t\t\t\t\t<p class=\"qodef-iwt-text\" >Productos dise\u00f1ados de primera calidad, cumpliendo los est\u00e1ndares de seguridad<\/p>\n\t\t\t<\/div>\n<\/div>\t\t<\/div>\n\t<\/div>\n<\/div><\/div>[\/vc_column][vc_column css_animation=\u00bbfadeInUp\u00bb offset=\u00bbvc_col-lg-4 vc_col-md-12&#8243;]<div class=\"qodef-elements-holder   qodef-one-column  qodef-responsive-mode-768 \" ><div class=\"qodef-eh-item    \"  data-item-class=\"qodef-eh-custom-2589\" data-1025-1366=\"0 4%\" data-769-1024=\"0 27% 10%\" data-681-768=\"0 23% 10%\" data-680=\"0 5% 20%\">\n\t<div class=\"qodef-eh-item-inner\">\n\t\t<div class=\"qodef-eh-item-content qodef-eh-custom-2589\" style=\"padding: 0 10%\">\n\t\t\t<div class=\"qodef-iwt clearfix  qodef-iwt-icon-top qodef-iwt-icon-medium\">\n\t<div class=\"qodef-iwt-icon\">\n\t\t\t\t\t<a itemprop=\"url\" href=\"#\" target=\"_self\">\n\t\t\t\t\t\t\t\t\t<img width=\"98\" height=\"70\" src=\"https:\/\/royalcosmetica.com.ar\/wp-content\/uploads\/2019\/04\/beauty1.jpg\" class=\"attachment-full size-full\" alt=\"\" decoding=\"async\" loading=\"lazy\" \/>\t\t\t\t\t\t\t\t<\/a>\n\t\t\t<\/div>\n\t<div class=\"qodef-iwt-content\" >\n\t\t\t\t\t<h5 class=\"qodef-iwt-title\" >\n\t\t\t\t\t\t\t\t\t<a itemprop=\"url\" href=\"#\" target=\"_self\">\n\t\t\t\t\t\t\t\t<span class=\"qodef-iwt-title-text\">Beauty Nails<\/span>\n\t\t\t\t\t\t\t\t\t<\/a>\n\t\t\t\t\t\t\t<\/h5>\n\t\t\t\t\t\t\t<p class=\"qodef-iwt-text\" >Esmaltes con formulaci\u00f3n exclusiva para ni\u00f1as\/ni\u00f1os a base de agua<\/p>\n\t\t\t<\/div>\n<\/div>\t\t<\/div>\n\t<\/div>\n<\/div><\/div>[\/vc_column][vc_column css_animation=\u00bbfadeInUp\u00bb offset=\u00bbvc_col-lg-4 vc_col-md-12&#8243;]<div class=\"qodef-elements-holder   qodef-one-column  qodef-responsive-mode-768 \" ><div class=\"qodef-eh-item    \"  data-item-class=\"qodef-eh-custom-1882\" data-1025-1366=\"0 4%\" data-769-1024=\"0 27%\" data-681-768=\"0 23% 0\" data-680=\"0 5%\">\n\t<div class=\"qodef-eh-item-inner\">\n\t\t<div class=\"qodef-eh-item-content qodef-eh-custom-1882\" style=\"padding: 0 10%\">\n\t\t\t<div class=\"qodef-iwt clearfix  qodef-iwt-icon-top qodef-iwt-icon-medium\">\n\t<div class=\"qodef-iwt-icon\">\n\t\t\t\t\t<a itemprop=\"url\" href=\"#\" target=\"_self\">\n\t\t\t\t\t\t\t\t\t<img width=\"98\" height=\"70\" src=\"https:\/\/royalcosmetica.com.ar\/wp-content\/uploads\/2019\/04\/make1.jpg\" class=\"attachment-full size-full\" alt=\"\" decoding=\"async\" loading=\"lazy\" \/>\t\t\t\t\t\t\t\t<\/a>\n\t\t\t<\/div>\n\t<div class=\"qodef-iwt-content\" >\n\t\t\t\t\t<h5 class=\"qodef-iwt-title\" >\n\t\t\t\t\t\t\t\t\t<a itemprop=\"url\" href=\"#\" target=\"_self\">\n\t\t\t\t\t\t\t\t<span class=\"qodef-iwt-title-text\">Make Up<\/span>\n\t\t\t\t\t\t\t\t\t<\/a>\n\t\t\t\t\t\t\t<\/h5>\n\t\t\t\t\t\t\t<p class=\"qodef-iwt-text\" >Maquillajes aptos para la piel de ni\u00f1as\/ni\u00f1os. Testeados<\/p>\n\t\t\t<\/div>\n<\/div>\t\t<\/div>\n\t<\/div>\n<\/div><\/div>[\/vc_column][\/vc_row][vc_row simple_background_color=\u00bb#fbfbfb\u00bb css=\u00bb.vc_custom_1559054865781{padding-top: 100px !important;padding-bottom: 100px !important;}\u00bb el_id=\u00bbcopiar\u00bb][vc_column][vc_row_inner row_content_width=\u00bbgrid\u00bb][vc_column_inner offset=\u00bbvc_col-lg-6 vc_col-md-12&#8243;]<div class=\"qodef-elements-holder   qodef-one-column  qodef-responsive-mode-768 \" ><div class=\"qodef-eh-item    \"  data-item-class=\"qodef-eh-custom-8030\" data-1025-1366=\"0 0 0 5%\" data-769-1024=\"0 0 0 8%\" data-681-768=\"0 0 0 8%\">\n\t<div class=\"qodef-eh-item-inner\">\n\t\t<div class=\"qodef-eh-item-content qodef-eh-custom-8030\" >\n\t\t\t[vc_single_image image=\u00bb3906&#8243; img_size=\u00bbfull\u00bb]\t\t<\/div>\n\t<\/div>\n<\/div><\/div>[\/vc_column_inner][vc_column_inner css=\u00bb.vc_custom_1526653014294{padding-top: 50px !important;padding-left: 30px !important;}\u00bb offset=\u00bbvc_col-lg-6 vc_col-md-12&#8243;]<div class=\"qodef-elements-holder   qodef-one-column  qodef-responsive-mode-768 \" ><div class=\"qodef-eh-item    \"  data-item-class=\"qodef-eh-custom-9784\" data-1025-1366=\"0 19% 0 0\" data-769-1024=\"9px 23% 0 10%\" data-681-768=\"0 14% 0 7%\" data-680=\"0px\">\n\t<div class=\"qodef-eh-item-inner\">\n\t\t<div class=\"qodef-eh-item-content qodef-eh-custom-9784\" style=\"padding: 0 32% 0 0\">\n\t\t\t<div class=\"qodef-section-title-holder   qodef-st-animation \" >\n\t<div class=\"qodef-st-inner\">\n\t\t\t\t\t<h3 class=\"qodef-st-title\" >\n\t\t\t\tQuienes somos\t\t\t<\/h3>\n\t\t\t\t<span class=\"qodef-st-separator\"><\/span>\n\t\t\t\t\t<p class=\"qodef-st-text\" style=\"color: #7b7b7b;font-size: 16px;line-height: 29px;font-weight: 300\">\n\t\t\t\tHace 1 a\u00f1o nos hicimos cargo de la marca Royal y su representaci\u00f3n en Argentina. Entendimos r\u00e1pidamente la pronta necesidad de renovar la imagen de marca, los productos y la pol\u00edtica empresarial para reafirmar nuestro compromiso con nuestros clientes y constituir relaciones a largo plazo.<br \/>\nEstamos en medio del desaf\u00edo, invirtiendo y renovando nuestra cartera de productos con un stock actual y nuevo listo para distribuir en el mercado nacional.<br \/>\nEstamos motivados en acompa\u00f1ar las nuevas tendencias en cosm\u00e9tica infantil, una cosm\u00e9tica de alta calidad con cuidados esenciales para la piel de las ni\u00f1as y los ni\u00f1os.<br \/>\nNuestra cosm\u00e9tica posee todas las certificaciones requeridas para el uso infantil.<br \/>\nNuestros productos se encuentran distribuidos por una amplia red de representantes con presencia en todo el pa\u00eds. Importamos productos de primera calidad, tenemos la virtud de llamarlos \u201cCosm\u00e9tica Real para uso infantil\u201d, sabemos la importancia de la seguridad que debe ofrecer un producto que va a ser manipulado por ni\u00f1as y ni\u00f1os.<br \/>\nQuienes formamos Royal cosm\u00e9tica tenemos el compromiso de cumplir con los altos standares que la infancia actual demanda, bajo la impronta de la calidad y el servicio.\t\t\t<\/p>\n\t\t\t\t<a itemprop=\"url\" href=\"https:\/\/royalcosmetica.com.ar\/?page_id=2995\" target=\"_self\"  class=\"qodef-btn qodef-btn-medium qodef-btn-simple qodef-btn- \"  >    <span class=\"qodef-btn-text\">Cat\u00e1logo<\/span>    \t<\/a>\t<\/div>\n<\/div>\t\t<\/div>\n\t<\/div>\n<\/div><\/div>[\/vc_column_inner][\/vc_row_inner][\/vc_column][\/vc_row][vc_row][vc_column][vc_column_text][[\/vc_column_text][\/vc_column][\/vc_row]<\/p>\n","protected":false},"excerpt":{"rendered":"<p>[vc_row row_content_width=\u00bbgrid\u00bb css=\u00bb.vc_custom_1559054244130{padding-top: 90px !important;padding-bottom: 112px !important;}\u00bb el_id=\u00bbcopiar\u00bb][vc_column css_animation=\u00bbfadeInUp\u00bb offset=\u00bbvc_col-lg-4 vc_col-md-12&#8243;][\/vc_column][vc_column css_animation=\u00bbfadeInUp\u00bb offset=\u00bbvc_col-lg-4 vc_col-md-12&#8243;][\/vc_column][vc_column css_animation=\u00bbfadeInUp\u00bb offset=\u00bbvc_col-lg-4 vc_col-md-12&#8243;][\/vc_column][\/vc_row][vc_row simple_background_color=\u00bb#fbfbfb\u00bb css=\u00bb.vc_custom_1559054865781{padding-top: 100px !important;padding-bottom: 100px !important;}\u00bb el_id=\u00bbcopiar\u00bb][vc_column][vc_row_inner row_content_width=\u00bbgrid\u00bb][vc_column_inner offset=\u00bbvc_col-lg-6 vc_col-md-12&#8243;][\/vc_column_inner][vc_column_inner css=\u00bb.vc_custom_1526653014294{padding-top: 50px !important;padding-left: 30px !important;}\u00bb offset=\u00bbvc_col-lg-6 vc_col-md-12&#8243;][\/vc_column_inner][\/vc_row_inner][\/vc_column][\/vc_row][vc_row][vc_column][vc_column_text][[\/vc_column_text][\/vc_column][\/vc_row]<\/p>\n","protected":false},"author":1,"featured_media":0,"parent":0,"menu_order":0,"comment_status":"closed","ping_status":"closed","template":"","meta":{"_EventAllDay":false,"_EventTimezone":"","_EventStartDate":"","_EventEndDate":"","_EventStartDateUTC":"","_EventEndDateUTC":"","_EventShowMap":false,"_EventShowMapLink":false,"_EventURL":"","_EventCost":"","_EventCostDescription":"","_EventCurrencySymbol":"","_EventCurrencyCode":"","_EventCurrencyPosition":"","_EventDateTimeSeparator":"","_EventTimeRangeSeparator":"","_EventOrganizerID":[],"_EventVenueID":0,"_OrganizerEmail":"","_OrganizerPhone":"","_OrganizerWebsite":"","_VenueAddress":"","_VenueCity":"","_VenueCountry":"","_VenueProvince":"","_VenueZip":"","_VenuePhone":"","_VenueURL":"","_VenueStateProvince":"","_VenueLat":"","_VenueLng":""},"_links":{"self":[{"href":"https:\/\/royalcosmetica.com.ar\/index.php?rest_route=\/wp\/v2\/pages\/4229"}],"collection":[{"href":"https:\/\/royalcosmetica.com.ar\/index.php?rest_route=\/wp\/v2\/pages"}],"about":[{"href":"https:\/\/royalcosmetica.com.ar\/index.php?rest_route=\/wp\/v2\/types\/page"}],"author":[{"embeddable":true,"href":"https:\/\/royalcosmetica.com.ar\/index.php?rest_route=\/wp\/v2\/users\/1"}],"replies":[{"embeddable":true,"href":"https:\/\/royalcosmetica.com.ar\/index.php?rest_route=%2Fwp%2Fv2%2Fcomments&post=4229"}],"version-history":[{"count":11,"href":"https:\/\/royalcosmetica.com.ar\/index.php?rest_route=\/wp\/v2\/pages\/4229\/revisions"}],"predecessor-version":[{"id":4250,"href":"https:\/\/royalcosmetica.com.ar\/index.php?rest_route=\/wp\/v2\/pages\/4229\/revisions\/4250"}],"wp:attachment":[{"href":"https:\/\/royalcosmetica.com.ar\/index.php?rest_route=%2Fwp%2Fv2%2Fmedia&parent=4229"}],"curies":[{"name":"wp","href":"https:\/\/api.w.org\/{rel}","templated":true}]}}